{"id":297,"date":"2018-03-01T07:24:30","date_gmt":"2018-03-01T07:24:30","guid":{"rendered":"http:\/\/makaanlelo.com\/wp\/constructzilla\/?page_id=297"},"modified":"2020-11-11T10:18:05","modified_gmt":"2020-11-11T09:18:05","slug":"consulting","status":"publish","type":"page","link":"https:\/\/www.chiarellimassimo.it\/index.php\/consulting\/","title":{"rendered":"Consulting"},"content":{"rendered":"<p>[vc_row][vc_column]\r\n<!-- contact area -->\r\n<div class=\"section-full bg-white content-inner\">\r\n    <!-- About Company -->\r\n    <div class=\"container\">\r\n        <div class=\"row\">\r\n            <div class=\"col-md-3 col-sm-5\">\r\n                            <\/div>\r\n            <div class=\"col-md-9 col-sm-7\">\r\n                <div class=\"row\">\r\n                    \r\n                    <div class=\"col-md-6 col-sm-12\">\r\n                        <div class=\"dez-box\">\r\n                            <div class=\"dez-media m-b30 p-b5\"> <a href=\"#\"><img decoding=\"async\" src=\"https:\/\/www.chiarellimassimo.it\/wp-content\/uploads\/2020\/11\/Fase-iniziale-di-creazione-dellarco-pretunnel-al-fronte-di-attacco.jpg\" alt=\"image\"><\/a><\/div>\r\n                            <div class=\"dez-media\"> <a href=\"#\"><img decoding=\"async\" src=\"https:\/\/www.chiarellimassimo.it\/wp-content\/uploads\/2020\/11\/Tunnelhead-1.jpg\" alt=\"image\"><\/a><\/div>\r\n                            <div class=\"dez-info m-t30 \">\r\n                                <h4 class=\"dez-title m-t0\"><a href=\"#\">From Start To finish<\/a><\/h4>\r\n                                Le competenze tecniche maturate in molti anni di ricerca e di attivit\u00e0 professionale, continuamente sostenute da competenze trasversali che ne distinguono la professionalit\u00e0, sono costantemente poste in atto negli studi di fattibilit\u00e0, progettazione, realizzazione e coordinamento di opere geotecniche e pi\u00f9 in generale nel campo degli Underground Works.<br \/>\nNello specifico l'attivit\u00e0 di consulenza \u00e8 svolta nei diversi settori della geotecnica ovvero, nel TUNNELLING, nelle opere di FONDAZIONI, nello studio di fattibilit\u00e0, progettazione e supervisione lavori di HORIZONTAL DIRECTIONAL DRILLING, la STABILITA' DEI PENDII e nelle analisi di rischio per la prevenzione e la difesa dalle CADUTE MASSI e da FRANE di tipo DEBRIS FLOW.                            <\/div>\r\n                        <\/div>\r\n                    <\/div>\r\n                    \r\n                    <div class=\"col-md-6 col-sm-12\">\r\n                        <div class=\"dez-box\">\r\n                            <div class=\"dez-media\"> <a href=\"#\"><img decoding=\"async\" src=\"https:\/\/www.chiarellimassimo.it\/wp-content\/uploads\/2020\/11\/Attivita-consulenza8.jpg\" alt=\"image\"><\/a> <\/div>\r\n                            <div class=\"dez-info m-t30\">\r\n                                <h4 class=\"dez-title m-t0\"><a href=\"#\">The Initial Planning <\/a><\/h4>\r\n                                La fatica dell'ingegneria delle costruzioni, quando si ha a che fare con il terreno come materiale da costruzione, \u00e8 legata soprattutto alle svariatissime e spesso imprevedibili condizioni offerte da questo materiale. A volte le difficolt\u00e0 da superare sono tali che \u00e8 indispensabile una particolare capacit\u00e0 basata non solo su una profonda esperienza conoscitiva, ma anche su un alto grado di personale attitudine e genialit\u00e0 a sviluppare e tradurre in atto indicazioni dell'esperienza e della tecnica.                            <\/div>\r\n                        <\/div>\r\n                    <\/div>\r\n                    \r\n                <\/div>\r\n            <\/div>\r\n        <\/div>\r\n    <\/div>\r\n    <!-- About Company END -->\r\n<\/div>\r\n<!-- contact area  END -->\r\n\r\n[\/vc_column][\/vc_row]<\/p>\n","protected":false},"excerpt":{"rendered":"<p>[vc_row][vc_column][\/vc_column][\/vc_row]<\/p>\n","protected":false},"author":1,"featured_media":0,"parent":0,"menu_order":0,"comment_status":"closed","ping_status":"closed","template":"tpl-visual_composer.php","meta":{"om_disable_all_campaigns":false,"_monsterinsights_skip_tracking":false,"_monsterinsights_sitenote_active":false,"_monsterinsights_sitenote_note":"","_monsterinsights_sitenote_category":0,"_uf_show_specific_survey":0,"_uf_disable_surveys":false,"footnotes":""},"class_list":["post-297","page","type-page","status-publish","hentry"],"aioseo_notices":[],"_links":{"self":[{"href":"https:\/\/www.chiarellimassimo.it\/index.php\/wp-json\/wp\/v2\/pages\/297","targetHints":{"allow":["GET"]}}],"collection":[{"href":"https:\/\/www.chiarellimassimo.it\/index.php\/wp-json\/wp\/v2\/pages"}],"about":[{"href":"https:\/\/www.chiarellimassimo.it\/index.php\/wp-json\/wp\/v2\/types\/page"}],"author":[{"embeddable":true,"href":"https:\/\/www.chiarellimassimo.it\/index.php\/wp-json\/wp\/v2\/users\/1"}],"replies":[{"embeddable":true,"href":"https:\/\/www.chiarellimassimo.it\/index.php\/wp-json\/wp\/v2\/comments?post=297"}],"version-history":[{"count":15,"href":"https:\/\/www.chiarellimassimo.it\/index.php\/wp-json\/wp\/v2\/pages\/297\/revisions"}],"predecessor-version":[{"id":1238,"href":"https:\/\/www.chiarellimassimo.it\/index.php\/wp-json\/wp\/v2\/pages\/297\/revisions\/1238"}],"wp:attachment":[{"href":"https:\/\/www.chiarellimassimo.it\/index.php\/wp-json\/wp\/v2\/media?parent=297"}],"curies":[{"name":"wp","href":"https:\/\/api.w.org\/{rel}","templated":true}]}}