{"id":20,"date":"2020-10-17T16:43:54","date_gmt":"2020-10-17T14:43:54","guid":{"rendered":"http:\/\/www.chiarellimassimo.it\/?page_id=20"},"modified":"2024-05-15T09:36:56","modified_gmt":"2024-05-15T07:36:56","slug":"chi-sono","status":"publish","type":"page","link":"https:\/\/www.chiarellimassimo.it\/index.php\/chi-sono\/","title":{"rendered":"Chi sono"},"content":{"rendered":"\n<p>Massimo Chiarelli, coniugato, pap\u00e0 di tre bellissimi bimbi e Ingegnere. Esperto in tecniche avanzate di scavo in sotterraneo, \u00e8 progettista Senior Opere Civili presso EniProgetti S.p.A.<\/p>\n\n\n\n<p>&nbsp;&nbsp;&nbsp;&nbsp;&nbsp;&nbsp;&nbsp;&nbsp; Dal 2005 al 2015 ha prestato la propria attivit\u00e0&nbsp;in Saipem S.p.A. dove ha prevalentemente ricoperto incarichi di&nbsp;<em>Construction Manager<\/em>&nbsp;alla costruzione di importanti impianti petrolchimici e di estrazione e trattamento gas in Italia e all\u2019estero.<\/p>\n\n\n\n<p>&nbsp;&nbsp;&nbsp;&nbsp;&nbsp;&nbsp;&nbsp;&nbsp;\u00c8&nbsp;autore del metodo di calcolo <strong><em>smartGDE<\/em><\/strong> per la valutazione degli spostamenti e delle deformazioni sul rivestimento definitivo di una galleria in risposta alla deformazione del terreno circostante generata dall&#8217;esecuzione di uno scavo profondo.<\/p>\n\n\n\n<p>&nbsp;&nbsp;&nbsp;&nbsp;&nbsp;&nbsp;&nbsp; Consulente&nbsp;nell&#8217;ambito delle tecniche avanzate di scavo in sotterraneo&nbsp;e per la realizzazione di tunnel, tiene&nbsp;corsi per importanti scuole di alta formazione.&nbsp;\u00c8&nbsp;<em>Trainer Eni<\/em>&nbsp;presso la Faculty Eni dell&#8217;Eni Corporate University.&nbsp;<\/p>\n\n\n\n<p>&nbsp;&nbsp;&nbsp;&nbsp;&nbsp;&nbsp;&nbsp; Fa parte&nbsp;del Comitato Tecnico sezione Geotecnica e Idraulica di<em>&nbsp;<a href=\"http:\/\/www.ingenio-web.it\/19598-comitato-tecnico\">INGENIO<\/a><\/em>&nbsp;&#8211; Testata di riferimento di Informazione Tecnica e Progettuale degli Ingegneri.<\/p>\n\n\n\n<p>&nbsp;&nbsp;&nbsp;&nbsp;&nbsp;&nbsp;&nbsp;&nbsp;Si laurea in Ingegneria Civile indirizzo Geotecnica all\u2019Universit\u00e0 della Calabria discutendo una tesi sul monitoraggio satellitare applicato alle Deformazioni Gravitative Profonde di Versante e alle Grandi Frane interessanti centri abitati della Calabria. I risultati prodotti da questo studio furono definiti dai membri della commissione di laurea di \u201c<em>grande interesse scientifico nei vari settori geologico-applicativo e geotecnico<\/em>\u201d, inquadrandosi nell\u2019attivit\u00e0 del gruppo di ricerca C.N.R. sulla \u201c<em>Sicurezza dei Centri Abitati Instabili<\/em>\u201d (Progetto SCAI) in Calabria e sui \u201c<em>Movimenti di Massa e Monitoraggio in Continuo<\/em>\u201d sempre in Calabria.<\/p>\n\n\n\n<p>&nbsp;&nbsp;&nbsp;&nbsp;&nbsp;&nbsp;&nbsp;&nbsp;Editorialista nel campo della geotecnica e per le grandi opere in sotterraneo, \u00e8 autore di testi e dispense universitarie per i corsi di Costruzione di Gallerie, Stabilit\u00e0 dei Pendii, Opere di Sostegno e Geologia Applicata alla Difesa del Suolo. Ha all\u2019attivo pi\u00f9 di 50 pubblicazioni tecnico-scientifiche su importanti testate nazionali e internazionali. Alcuni suoi lavori sono stati inseriti dal Ministero delle Infrastrutture e dei Trasporti tra le linee guida di progettazione e realizzazione di&nbsp;gallerie con scavo meccanizzato. A seguito del riconoscimento scientifico e didattico dei suoi lavori, essi sono attualmente utilizzati presso la Facolt\u00e0 di Ingegneria dell&#8217;Universit\u00e0 degli Studi di Firenze, il dipartimento di Scienze della Terra \u201c<em>Ardito Desio<\/em>\u201d (Sezione di Geologia e Paleontologia) dell&#8217;Universit\u00e0 degli Studi di Milano, la Facolt\u00e0 di Ingegneria \u201c<em>Alma Mater Studiorum<\/em>\u201d dell\u2019Universit\u00e0 di Bologna, nonch\u00e9 disponibili presso la Biblioteca del Ministero delle Infrastrutture e dei Trasporti di Roma, la Biblioteca Nazionale Centrale di Firenze, la Biblioteca Nazionale Centrale di Roma, la Biblioteca Centrale del CNR &#8220;<em>Guglielmo Marconi<\/em>&#8221; di Roma.<\/p>\n\n\n\n<p>&nbsp;&nbsp;&nbsp;&nbsp;&nbsp;&nbsp;&nbsp; Esperto nella redazione di studi di fattibilit\u00e0 e nella progettazione di trivellazioni orizzontali H.D.D., nel 2005 \u00e8 stato Consulente in fase di progettazione e Construction Manager alle prime T.O.C. (Trivellazione Orizzontale Controllata) eseguite con successo in Italia DN 48\u201d (1200 mm) con lunghezza superiore a 650 metri, alla costruzione dei microtunnel e ai lavori Geotecnici e Civili durante la costruzione del metanodotto DN 48\u201d TRANSMED Importazione Sud Libia-Italia &#8211; Snam Rete Gas.<\/p>\n\n\n\n<p>&nbsp;&nbsp;&nbsp;&nbsp;&nbsp;&nbsp;&nbsp;Dal 2002, in qualit\u00e0 di&nbsp;<em>Construction Manager<\/em>, ha operato per note societ\u00e0 di costruzioni alla realizzazione di importanti infrastrutture, opere geotecniche e civili di interesse collettivo. Per queste societ\u00e0 attualmente assume incarichi di consulenza e progettazione.<\/p>\n\n\n\n<p>&nbsp;&nbsp;&nbsp;&nbsp;&nbsp;&nbsp;&nbsp;&nbsp;Nel 2003 \u00e8 stato nominato Procuratore dell\u2019Impresa Ederli &amp; Marconi S.p.A., societ\u00e0 del gruppo Marconi operante nell\u2019ambito delle costruzioni generali per la quale \u00e8 stato anche responsabile dell&#8217;ufficio Ingegneria e Costruzione.<\/p>\n\n\n\n<p>&nbsp;&nbsp;&nbsp;&nbsp;&nbsp;&nbsp;&nbsp;&nbsp;Tra le pi\u00f9 importanti societ\u00e0 con le quali ha collaborato si ricordano: Societ\u00e0 Italiana per le Condotte d&#8217;Acqua S.p.A.; Rodio S.p.A.; Ederli &amp; Marconi S.p.A.; Trevi S.p.A; Pavimental S.p.A.; De Lieto Costruzioni Generali S.p.A.; Metropolitana Milanese S.p.A.; Technip Italy S.p.A.; Snam Rete Gas S.p.A.; Eni S.p.A. Div. R&amp;M; Snamprogetti S.p.A.; Snamprogetti Sud S.p.A.; SELGAS S.p.A.&nbsp;<\/p>\n\n\n\n<p>&nbsp;&nbsp;&nbsp;&nbsp;&nbsp;&nbsp;&nbsp;&nbsp;Dal 2001 porta avanti studi di Ingegneria Geotecnica legati alle tecniche avanzate di scavo in sotterraneo ed in particolare&nbsp;sui metodi di attacco, scavo ed avanzamento nella realizzazione di gallerie a tutta sezione in argille grigio-azzurre soggette al fenomeno del rilassamento. Altri studi specifici sono stati rivolti agli effetti sulle strutture indotti dalle ferrovie sotterranee. Per i risultati ottenuti da questi lavori, in qualit\u00e0 di esperto, ha partecipato a molti convegni e interviste organizzate da enti pubblici, universit\u00e0, societ\u00e0 di costruzioni e la RAI. Si ricordano: nel gennaio 2004 il convegno organizzato dalla Provincia di Macerata (settore viabilit\u00e0) ed ANAS dal titolo &#8220;<em>Manutenzione ordinaria e straordinaria della rete viaria<\/em>&#8220;; nel maggio 2004, relatore al convegno &#8220;<em>Tecnologie di intervento nelle aree in frana<\/em>&#8221; al dipartimento di Scienze Ambientali dell&#8217;Universit\u00e0 di Camerino (MC); nel maggio 2009, relatore al convegno &#8220;<em>Lo scavo meccanizzato TBM nella realizzazione di Tunnel<\/em>&#8221; al Lingotto Fiere &#8211; Torino; inchiesta RAI 3 &#8220;<em><a rel=\"noreferrer noopener\" href=\"https:\/\/www.youtube.com\/watch?v=3Qakuqs0X00\" target=\"_blank\"><strong>Tunnel pericolosi: acqua in galleria &#8211; Il caso delle gallerie San Silvestro e Le Piane in Abruzzo<\/strong><\/a><\/em>&#8221; Giugno 2015; inchiesta RAI 3 Abruzzo &#8220;<em><strong><a href=\"https:\/\/www.rainews.it\/tgr\/abruzzo\/video\/2023\/12\/il-nodo-delle-saldature-san-silvestro-gallerie-pescara-crollo-inchiesta-2015-cerasi-procura-chiaia-sequestro-bellelli-benigni-9e680908-f4cc-48e6-81d8-8e71bea4ad51.html?nxtep\">La scampata tragedia per il crollo nella galleria San Silvestro<\/a><\/strong><\/em>&#8221; &#8211; &#8220;<em><a href=\"https:\/\/www.rainews.it\/tgr\/abruzzo\/video\/2023\/12\/ancoraggi-resina-galleria-dubbi-san-silvestro-gallerie-pescara-crollo-inchiesta-2015-cerasi-procura-chiaia-sequestro-bellelli-benigni-3b1e74df-2bdb-45ba-b81c-2967ff858c5d.html\"><strong>Le barra di ancoraggio del rivestimento<\/strong><\/a><\/em>&#8221;  &#8211; Variante alla SS.16 Francavilla a Mare, Abruzzo &#8211; Novembre-Dicembre 2023; relatore al \u201c<a href=\"https:\/\/www.unical.it\/media\/publications_attachments\/12335\/BROCHURE__ArcheoNostrum.pdf\"><strong><em>Forum ARCHEO NOSTRUM<\/em><\/strong>\u201d &#8211; <em><strong>Alterazioni dell\u2019ecosistema marino \u2013 \u201cScavi sottomarini ad alta tecnologia<\/strong><\/em><\/a>\u201c-  Universit\u00e0 della Calabria 9-10 Maggio 2024, Aula \u201cU. Caldora\u201d Arcavacata di Rende (CS).<\/p>\n\n\n\n<p>&nbsp;&nbsp;&nbsp;&nbsp;&nbsp;&nbsp;&nbsp; Vincitore nel 2003 di concorso per l&#8217;assegnazione di un Master in Fisica Nucleare e Dosimetria all&#8217;Universit\u00e0 della Calabria, nel 1995 ha vinto il premio \u201c<em>Socrate<\/em>\u201d al concorso di Letteratura Filosofica per la Calabria.<\/p>\n\n\n\n<p>&nbsp;&nbsp;&nbsp;&nbsp;&nbsp;&nbsp;&nbsp; Ha ricevuto la Benemerenza della Presidenza del Consiglio dei Ministri per il contributo tecnico prestato nell\u2019intervento di protezione civile per la ricostruzione post-terremoto nella crisi sismica Umbro\u2013Marchigiana.<\/p>\n","protected":false},"excerpt":{"rendered":"<p>Massimo Chiarelli, coniugato, pap\u00e0 di tre bellissimi bimbi e Ingegnere. Esperto in tecniche avanzate di scavo in sotterraneo, \u00e8 progettista Senior Opere Civili presso EniProgetti S.p.A. &nbsp;&nbsp;&nbsp;&nbsp;&nbsp;&nbsp;&nbsp;&nbsp; Dal 2005 al 2015 ha prestato la propria attivit\u00e0&nbsp;in Saipem S.p.A. dove ha prevalentemente ricoperto incarichi di&nbsp;Construction Manager&nbsp;alla costruzione di importanti impianti petrolchimici e di estrazione e trattamento<\/p>\n","protected":false},"author":1,"featured_media":0,"parent":0,"menu_order":0,"comment_status":"closed","ping_status":"closed","template":"","meta":{"om_disable_all_campaigns":false,"_monsterinsights_skip_tracking":false,"_monsterinsights_sitenote_active":false,"_monsterinsights_sitenote_note":"","_monsterinsights_sitenote_category":0,"_uf_show_specific_survey":0,"_uf_disable_surveys":false,"footnotes":""},"class_list":["post-20","page","type-page","status-publish","hentry"],"aioseo_notices":[],"_links":{"self":[{"href":"https:\/\/www.chiarellimassimo.it\/index.php\/wp-json\/wp\/v2\/pages\/20","targetHints":{"allow":["GET"]}}],"collection":[{"href":"https:\/\/www.chiarellimassimo.it\/index.php\/wp-json\/wp\/v2\/pages"}],"about":[{"href":"https:\/\/www.chiarellimassimo.it\/index.php\/wp-json\/wp\/v2\/types\/page"}],"author":[{"embeddable":true,"href":"https:\/\/www.chiarellimassimo.it\/index.php\/wp-json\/wp\/v2\/users\/1"}],"replies":[{"embeddable":true,"href":"https:\/\/www.chiarellimassimo.it\/index.php\/wp-json\/wp\/v2\/comments?post=20"}],"version-history":[{"count":25,"href":"https:\/\/www.chiarellimassimo.it\/index.php\/wp-json\/wp\/v2\/pages\/20\/revisions"}],"predecessor-version":[{"id":1598,"href":"https:\/\/www.chiarellimassimo.it\/index.php\/wp-json\/wp\/v2\/pages\/20\/revisions\/1598"}],"wp:attachment":[{"href":"https:\/\/www.chiarellimassimo.it\/index.php\/wp-json\/wp\/v2\/media?parent=20"}],"curies":[{"name":"wp","href":"https:\/\/api.w.org\/{rel}","templated":true}]}}